{"id":581,"date":"2014-06-24T22:52:29","date_gmt":"2014-06-24T22:52:29","guid":{"rendered":"https:\/\/lontoo.org\/?page_id=581"},"modified":"2014-06-24T22:52:29","modified_gmt":"2014-06-24T22:52:29","slug":"london-aquarium","status":"publish","type":"page","link":"https:\/\/lontoo.org\/en\/sights\/london-aquarium\/","title":{"rendered":"London Aquarium"},"content":{"rendered":"<p><b>London Aquarium, Lontoon Akvaario<br \/>\n<\/b><\/p>\n<p>The London Sea Life Aquarium on Lontoon suurin akvaario ja sen keskeinen sijainti tekee siell\u00e4 vierailusta erityisen helppoa. Se on veike\u00e4n hauska vetonaula kaiken ik\u00e4isille, mutta luonnollisesti se sopii etenkin lapsille. Akvaariossa asustaa yli 500 eri lajia, mukaan lukien 12 eri hailajia. N\u00e4yttelyt ovat interaktiivisia ja jokaisella on oma teemansa.<\/p>\n<p><b>Akvaarion historiaa<\/b><\/p>\n<p>Akvaario avasi ovensa maaliskuussa 1997, eli yli 100 vuotta Lontoon el\u00e4intarhasta l\u00f6ytyv\u00e4\u00e4 kaupungin vanhinta akvaariota my\u00f6hemmin. Akvaario toimii vahvasti niin opetuksen kuin suojeluohjelmien parissa. Vuonna 2008 uudet omistajat tekiv\u00e4t akvaariossa merkitt\u00e4vi\u00e4 uudistuksia, joihin lukeutuivat vedenalainen tunneli ja haitunnelmainen Shark Walk. Nyky\u00e4\u00e4n akvaario on yksi 50 ymp\u00e4ri maailmaa sijaitsevasta Merlin Entertainmentsin Sea Life -akvaarioketjun j\u00e4senest\u00e4.<\/p>\n<p><b>Mit<\/b><b>\u00e4<\/b><b> akvaariossa voi n<\/b><b>\u00e4<\/b><b>hd<\/b><b>\u00e4<\/b><b> ja puuhata? <\/b><\/p>\n<p>Akvaarion suojissa olevat kokoelmat ja n\u00e4yttelyt k\u00e4sitt\u00e4v\u00e4t eri puolilla maailman vesi\u00e4 el\u00e4vi\u00e4 otuksia, niin \u00e4\u00e4rimm\u00e4isen harvinaisia, tuiki tavallisia tai vaaratilanteista pelastettuja yksil\u00f6it\u00e4. Ylsi Lontoon akvaarion uusimmista ja silti jo suosituimmista n\u00e4ht\u00e4vyyksist\u00e4 on valkokulmapingviinien iloinen yhdyskunta. P\u00e4\u00e4set tutustumaan pingviinien maailmaan vuorovaikutteisesti, esimerkiksi j\u00e4isten altaiden koskettelun ja j\u00e4isen tarkkailuluolan kautta.<\/p>\n<p>Toinen akvaarion huippusuosittu n\u00e4ht\u00e4vyys ovat sen hait. Sinulle tarjoutuu mahdollisuus p\u00e4\u00e4st\u00e4 tekem\u00e4\u00e4n l\u00e4heist\u00e4 tuttavuutta useiden hailajien, kuten hietahain, kitaraa muistuttavan helmilapiorauskun (Bowmouth Guitar Shark), sek\u00e4 mustaev\u00e4hain. Jos kaipaat j\u00e4nnityst\u00e4, tulet palvomaan tarjolla olevaa hain kanssa snorkkelointia. Kuulostaa pelottavalta, mutta ei syyt\u00e4 huoleen, sill\u00e4 polskuttelet turvallisesti h\u00e4kin sis\u00e4ll\u00e4. Jos p\u00e4\u00e4st\u00e4 viel\u00e4kin l\u00e4hemm\u00e4s, mutta pysy\u00e4 silti kuivana, suosittelen kokeilemaan mahtavaa Shark Walk -lasitunnelia, joka kulkee koko haialtaan halki.<\/p>\n<p>Jos kaipaat haita yst\u00e4v\u00e4llisemp\u00e4\u00e4 seuraa, voit vierailla Ray Lagoonin rauskujen luona. Vaikka rauskut ovatkin l\u00e4heist\u00e4 sukua haille, niist\u00e4 on selv\u00e4sti mukavampaa olla ihmisten kanssa tekemisiss\u00e4. Niiden aina utelias luonne my\u00f6s takaa, ett\u00e4 tulet saamaan leikkis\u00e4n tervetulotoivotuksen.<\/p>\n<p>London Aquariumin rakastetuimpien asukkaiden joukkoon lukeutuvat herttaiset liemikilpikonnat. Lajin nimi jo kertookin, mink\u00e4 vuoksi se on mets\u00e4stetty sukupuuton partaalle. Ihmisten valistaminen on avainasiassa, jotteiv\u00e4t n\u00e4m\u00e4 kauniit ja muutenkin uskomattomat olennot katoa maailman merist\u00e4.<\/p>\n<p>Muita \u00e4llistytt\u00e4vi\u00e4 London Aquariumissa n\u00e4ht\u00e4vill\u00e4 olevia asukkaita ovat mm. Nemo-kalan kirkkaanv\u00e4riset vuokkokalaserkut, uhanalaiset kuubankrokotiilit, piraijat, merihevoset, meduusat ja n\u00e4ytt\u00e4v\u00e4t korallit.<\/p>\n<p>Lontoon akvaarion ruokinta-ajat tarjoavat ainutlaatuista koettavaa, josta ei kenenk\u00e4\u00e4n pid\u00e4 j\u00e4\u00e4d\u00e4 paitsi. Pitkin p\u00e4iv\u00e4\u00e4 j\u00e4rjestet\u00e4\u00e4n useita ruokintahetki\u00e4 ja niiden ohessa toteutettavia selostuksia. Kello 11 voit katsella kuinka monijalkaiset veijarit, eli mustekalat, saavat makupalansa.\u00a0 Kello 11.30 on rauskujen sitten aika saada ruokansa selostuksen kera. Voit esitt\u00e4\u00e4 Kysymyksi\u00e4 ja jos olet onnekas, voit jopa p\u00e4\u00e4st\u00e4 avustamaan ruokinnassa. Puolelta p\u00e4ivin, kello 12 siis, suloisille pingviineille tarjoillaan lounasta ja hoitajat kertovat samalla mielenkiintoisia asioita n\u00e4ist\u00e4 pikkuhepuista. Vierailetpa London Aquariumissa mihin p\u00e4iv\u00e4n aikaan tahansa, on jollakin sen teema-alueella varmasti ruokinta meneill\u00e4\u00e4n.<\/p>\n<p><b>Sis<\/b><b>\u00e4\u00e4np<\/b><b>\u00e4\u00e4sy ja sijainti<\/b><\/p>\n<p>London Aquarium on avoinna p\u00e4ivitt\u00e4in kello 10 \u2013 19. Netist\u00e4 ennakkoon varattu normaalihintainen aikuistenlippu maksaa noin 22,50 \u20ac (18.36 \u00a3), ja ovelta ostettuna 26,50 \u20ac (21.60 \u00a3). 3-15 -vuotiaitten ennakkoon varatut liput maksavat reilut 16 \u20ac (13.52 \u00a3) ja ovella noin 20 \u20ac (15.90 \u00a3). Alle 3-vuotiaat p\u00e4\u00e4sev\u00e4t sis\u00e4lle ilmaiseksi. Voit my\u00f6s ostaa perhelipun ennakkoon hintaan 78 \u20ac (\u00a363.75) tai ovelta 92 \u20ac:lla; sill\u00e4 p\u00e4\u00e4sev\u00e4t sis\u00e4lle kaksi aikuista ja kaksi lasta. Voit my\u00f6s ostaa etuiluun oikeuttavan Priority-lipun, jolla p\u00e4\u00e4set livahtamaan akvaarion ovesta milloin haluat ja aivan muiden nen\u00e4n edest\u00e4. Aikuiset saavat sellaisen 31 \u20ac:lla (25.20 \u00a3:lla) ja lapset 24 \u20ac:lla (19.50 \u00a3:lla).<\/p>\n<p>Sis\u00e4\u00e4np\u00e4\u00e4sylippujen lis\u00e4ksi voit ostaa lipun yhteen tai useampaan tarjolla olevaan kokemukseen. Kulissien takainen Behind the Scenes -kiertue maksaa aikuisilta reilut 9 \u20ac (7.50 \u00a3) ja lapsilta noin 5 \u20ac (5 \u00a3). Haitten seassa polskuttelu eli Snorkelling With Sharks on kielt\u00e4m\u00e4tt\u00e4 hinnakas kokemus, mutta niin uskomaton, ett\u00e4 siihen kannattaa t\u00f6rs\u00e4t\u00e4. Aikuiset p\u00e4\u00e4sev\u00e4t h\u00e4kkiin noin 153 \u20ac (125 \u00a3) maksettuaan ja koko perhe 550 \u20ac:lla (450 \u00a3:lla). Kaikilla alle 14-vuotiailla tulee olla seuranaan joko vanhempi tai muu huoltaja.<\/p>\n<p>London Aquarium sijaitsee keskeisell\u00e4 paikalla County Hallissa, joka on aivan Thames-joen etel\u00e4isell\u00e4 rantapenkereell\u00e4 komeilevan London Eye -maailmanpy\u00f6r\u00e4n vierell\u00e4. L\u00e4himm\u00e4t metroasemat ovat Westminster ja Waterloo. Lontoon akvaario sijaitsee parlamenttitaloa vastap\u00e4isell\u00e4 pientareella.<\/p>\n","protected":false},"excerpt":{"rendered":"<p>London Aquarium, Lontoon Akvaario The London Sea Life Aquarium on Lontoon suurin akvaario ja sen keskeinen sijainti tekee siell\u00e4 vierailusta erityisen helppoa. Se on veike\u00e4n hauska vetonaula kaiken ik\u00e4isille, mutta luonnollisesti se sopii etenkin lapsille. Akvaariossa asustaa yli 500 eri <span class=\"excerpt-dots\">&hellip;<\/span> <a class=\"more-link\" href=\"https:\/\/lontoo.org\/en\/sights\/london-aquarium\/\"><span class=\"more-msg\">Continue reading &rarr;<\/span><\/a><\/p>\n","protected":false},"author":1,"featured_media":0,"parent":18,"menu_order":0,"comment_status":"open","ping_status":"open","template":"","meta":{"footnotes":""},"aioseo_notices":[],"_links":{"self":[{"href":"https:\/\/lontoo.org\/en\/wp-json\/wp\/v2\/pages\/581"}],"collection":[{"href":"https:\/\/lontoo.org\/en\/wp-json\/wp\/v2\/pages"}],"about":[{"href":"https:\/\/lontoo.org\/en\/wp-json\/wp\/v2\/types\/page"}],"author":[{"embeddable":true,"href":"https:\/\/lontoo.org\/en\/wp-json\/wp\/v2\/users\/1"}],"replies":[{"embeddable":true,"href":"https:\/\/lontoo.org\/en\/wp-json\/wp\/v2\/comments?post=581"}],"version-history":[{"count":0,"href":"https:\/\/lontoo.org\/en\/wp-json\/wp\/v2\/pages\/581\/revisions"}],"up":[{"embeddable":true,"href":"https:\/\/lontoo.org\/en\/wp-json\/wp\/v2\/pages\/18"}],"wp:attachment":[{"href":"https:\/\/lontoo.org\/en\/wp-json\/wp\/v2\/media?parent=581"}],"curies":[{"name":"wp","href":"https:\/\/api.w.org\/{rel}","templated":true}]}}